{"id":418,"date":"2021-04-09T09:51:26","date_gmt":"2021-04-09T12:51:26","guid":{"rendered":"http:\/\/NoticiasActualidad,%20eventos%20y%20noticias"},"modified":"2021-06-11T10:38:05","modified_gmt":"2021-06-11T13:38:05","slug":"noticias","status":"publish","type":"page","link":"https:\/\/uniformesralebs.com\/uniformes\/noticias\/","title":{"rendered":"Noticias"},"content":{"rendered":"\t\t<div data-elementor-type=\"wp-page\" data-elementor-id=\"418\" class=\"elementor elementor-418\" data-elementor-post-type=\"page\">\n\t\t\t\t\t\t<section class=\"elementor-section elementor-top-section elementor-element elementor-element-4a87f8d elementor-section-height-min-height elementor-section-content-middle elementor-section-boxed elementor-section-height-default elementor-section-items-middle\" data-id=\"4a87f8d\" data-element_type=\"section\" data-e-type=\"section\" data-settings=\"{&quot;background_background&quot;:&quot;classic&quot;}\">\n\t\t\t\t\t\t\t<div class=\"elementor-background-overlay\"><\/div>\n\t\t\t\t\t\t\t<div class=\"elementor-container elementor-column-gap-default\">\n\t\t\t\t\t<div class=\"elementor-column elementor-col-50 elementor-top-column elementor-element elementor-element-15d6919\" data-id=\"15d6919\" data-element_type=\"column\" data-e-type=\"column\">\n\t\t\t<div class=\"elementor-widget-wrap elementor-element-populated\">\n\t\t\t\t\t\t<div class=\"elementor-element elementor-element-adf5e98 elementor-widget elementor-widget-heading\" data-id=\"adf5e98\" data-element_type=\"widget\" data-e-type=\"widget\" data-widget_type=\"heading.default\">\n\t\t\t\t<div class=\"elementor-widget-container\">\n\t\t\t\t\t<h2 class=\"elementor-heading-title elementor-size-default\">Noticias<\/h2>\t\t\t\t<\/div>\n\t\t\t\t<\/div>\n\t\t\t\t<div class=\"elementor-element elementor-element-cbe3088 elementor-widget elementor-widget-text-editor\" data-id=\"cbe3088\" data-element_type=\"widget\" data-e-type=\"widget\" data-widget_type=\"text-editor.default\">\n\t\t\t\t<div class=\"elementor-widget-container\">\n\t\t\t\t\t\t\t\t\t<p>Actualidad, eventos y noticias<\/p>\t\t\t\t\t\t\t\t<\/div>\n\t\t\t\t<\/div>\n\t\t\t\t\t<\/div>\n\t\t<\/div>\n\t\t\t\t<div class=\"elementor-column elementor-col-50 elementor-top-column elementor-element elementor-element-e21243a\" data-id=\"e21243a\" data-element_type=\"column\" data-e-type=\"column\">\n\t\t\t<div class=\"elementor-widget-wrap\">\n\t\t\t\t\t\t\t<\/div>\n\t\t<\/div>\n\t\t\t\t\t<\/div>\n\t\t<\/section>\n\t\t\t\t<section class=\"elementor-section elementor-top-section elementor-element elementor-element-daebcc4 elementor-section-boxed elementor-section-height-default elementor-section-height-default\" data-id=\"daebcc4\" data-element_type=\"section\" data-e-type=\"section\">\n\t\t\t\t\t\t<div class=\"elementor-container elementor-column-gap-default\">\n\t\t\t\t\t<div class=\"elementor-column elementor-col-100 elementor-top-column elementor-element elementor-element-af8a66d\" data-id=\"af8a66d\" data-element_type=\"column\" data-e-type=\"column\">\n\t\t\t<div class=\"elementor-widget-wrap elementor-element-populated\">\n\t\t\t\t\t\t<div class=\"elementor-element elementor-element-edf5bb9 elementor-grid-3 elementor-grid-tablet-2 elementor-grid-mobile-1 elementor-posts--thumbnail-top elementor-widget elementor-widget-posts\" data-id=\"edf5bb9\" data-element_type=\"widget\" data-e-type=\"widget\" data-settings=\"{&quot;classic_masonry&quot;:&quot;yes&quot;,&quot;classic_columns&quot;:&quot;3&quot;,&quot;classic_columns_tablet&quot;:&quot;2&quot;,&quot;classic_columns_mobile&quot;:&quot;1&quot;,&quot;classic_row_gap&quot;:{&quot;unit&quot;:&quot;px&quot;,&quot;size&quot;:35,&quot;sizes&quot;:[]},&quot;classic_row_gap_tablet&quot;:{&quot;unit&quot;:&quot;px&quot;,&quot;size&quot;:&quot;&quot;,&quot;sizes&quot;:[]},&quot;classic_row_gap_mobile&quot;:{&quot;unit&quot;:&quot;px&quot;,&quot;size&quot;:&quot;&quot;,&quot;sizes&quot;:[]}}\" data-widget_type=\"posts.classic\">\n\t\t\t\t<div class=\"elementor-widget-container\">\n\t\t\t\t\t\t\t<div class=\"elementor-posts-container elementor-posts elementor-posts--skin-classic elementor-grid\" role=\"list\">\n\t\t\t\t<article class=\"elementor-post elementor-grid-item post-1823 post type-post status-publish format-standard has-post-thumbnail hentry category-sin-categoria\" role=\"listitem\">\n\t\t\t\t<a class=\"elementor-post__thumbnail__link\" href=\"https:\/\/uniformesralebs.com\/uniformes\/uniformes-ralebs-cumple-28-anos-renovando-los-vestuarios-corporativos\/\" tabindex=\"-1\" >\n\t\t\t<div class=\"elementor-post__thumbnail\"><img fetchpriority=\"high\" decoding=\"async\" width=\"690\" height=\"460\" src=\"https:\/\/uniformesralebs.com\/uniformes\/wp-content\/uploads\/2021\/10\/Leonel-y-Rafael-Ballatore-Uniformes-Ralebs-690x460-1.jpg\" class=\"attachment-full size-full wp-image-1824\" alt=\"\" srcset=\"https:\/\/uniformesralebs.com\/uniformes\/wp-content\/uploads\/2021\/10\/Leonel-y-Rafael-Ballatore-Uniformes-Ralebs-690x460-1.jpg 690w, https:\/\/uniformesralebs.com\/uniformes\/wp-content\/uploads\/2021\/10\/Leonel-y-Rafael-Ballatore-Uniformes-Ralebs-690x460-1-600x400.jpg 600w\" sizes=\"(max-width: 690px) 100vw, 690px\" \/><\/div>\n\t\t<\/a>\n\t\t\t\t<div class=\"elementor-post__text\">\n\t\t\t\t<h3 class=\"elementor-post__title\">\n\t\t\t<a href=\"https:\/\/uniformesralebs.com\/uniformes\/uniformes-ralebs-cumple-28-anos-renovando-los-vestuarios-corporativos\/\" >\n\t\t\t\tUniformes Ralebs cumple 28 a\u00f1os renovando los vestuarios corporativos\t\t\t<\/a>\n\t\t<\/h3>\n\t\t\t\t<div class=\"elementor-post__meta-data\">\n\t\t\t\t\t<span class=\"elementor-post-date\">\n\t\t\t13\/10\/2021\t\t<\/span>\n\t\t\t\t<\/div>\n\t\t\t\t<div class=\"elementor-post__excerpt\">\n\t\t\t<p>Viste a las empresas del sector agroindustrial y tambi\u00e9n provee de uniformes a instituciones educativas, comercios, construcci\u00f3n y otros sectores. Uniformes Ralebs&nbsp;cumple 28 a\u00f1os renovando<\/p>\n\t\t<\/div>\n\t\t\n\t\t<a class=\"elementor-post__read-more\" href=\"https:\/\/uniformesralebs.com\/uniformes\/uniformes-ralebs-cumple-28-anos-renovando-los-vestuarios-corporativos\/\" aria-label=\"Read more about Uniformes Ralebs cumple 28 a\u00f1os renovando los vestuarios corporativos\" tabindex=\"-1\" >\n\t\t\tVer m\u00e1s \u00bb\t\t<\/a>\n\n\t\t\t\t<\/div>\n\t\t\t\t<\/article>\n\t\t\t\t<article class=\"elementor-post elementor-grid-item post-1612 post type-post status-publish format-standard has-post-thumbnail hentry category-sin-categoria\" role=\"listitem\">\n\t\t\t\t<a class=\"elementor-post__thumbnail__link\" href=\"https:\/\/uniformesralebs.com\/uniformes\/1612-2\/\" tabindex=\"-1\" >\n\t\t\t<div class=\"elementor-post__thumbnail\"><img decoding=\"async\" width=\"904\" height=\"904\" src=\"https:\/\/uniformesralebs.com\/uniformes\/wp-content\/uploads\/2021\/05\/1.png\" class=\"attachment-full size-full wp-image-1617\" alt=\"\" srcset=\"https:\/\/uniformesralebs.com\/uniformes\/wp-content\/uploads\/2021\/05\/1.png 904w, https:\/\/uniformesralebs.com\/uniformes\/wp-content\/uploads\/2021\/05\/1-600x600.png 600w, https:\/\/uniformesralebs.com\/uniformes\/wp-content\/uploads\/2021\/05\/1-150x150.png 150w, https:\/\/uniformesralebs.com\/uniformes\/wp-content\/uploads\/2021\/05\/1-768x768.png 768w, https:\/\/uniformesralebs.com\/uniformes\/wp-content\/uploads\/2021\/05\/1-300x300.png 300w, https:\/\/uniformesralebs.com\/uniformes\/wp-content\/uploads\/2021\/05\/1-100x100.png 100w\" sizes=\"(max-width: 904px) 100vw, 904px\" \/><\/div>\n\t\t<\/a>\n\t\t\t\t<div class=\"elementor-post__text\">\n\t\t\t\t<h3 class=\"elementor-post__title\">\n\t\t\t<a href=\"https:\/\/uniformesralebs.com\/uniformes\/1612-2\/\" >\n\t\t\t\tApoyamos al Hospital Regional Pasteur\t\t\t<\/a>\n\t\t<\/h3>\n\t\t\t\t<div class=\"elementor-post__meta-data\">\n\t\t\t\t\t<span class=\"elementor-post-date\">\n\t\t\t27\/05\/2021\t\t<\/span>\n\t\t\t\t<\/div>\n\t\t\t\t<div class=\"elementor-post__excerpt\">\n\t\t\t<p>Apoyamos la lucha de los h\u00e9roes sin capa donando ambos para m\u00e9dicos del @HospitalRegionalPasteur, donde los recibi\u00f3 su subdirector Pablo Valle.<\/p>\n\t\t<\/div>\n\t\t\n\t\t<a class=\"elementor-post__read-more\" href=\"https:\/\/uniformesralebs.com\/uniformes\/1612-2\/\" aria-label=\"Read more about Apoyamos al Hospital Regional Pasteur\" tabindex=\"-1\" >\n\t\t\tVer m\u00e1s \u00bb\t\t<\/a>\n\n\t\t\t\t<\/div>\n\t\t\t\t<\/article>\n\t\t\t\t<article class=\"elementor-post elementor-grid-item post-1590 post type-post status-publish format-standard has-post-thumbnail hentry category-novedades\" role=\"listitem\">\n\t\t\t\t<a class=\"elementor-post__thumbnail__link\" href=\"https:\/\/uniformesralebs.com\/uniformes\/lanzamiento-de-barbijos-100-lavables-para-prevenir-la-pandemia-de-covid-19\/\" tabindex=\"-1\" >\n\t\t\t<div class=\"elementor-post__thumbnail\"><img decoding=\"async\" width=\"1920\" height=\"1920\" src=\"https:\/\/uniformesralebs.com\/uniformes\/wp-content\/uploads\/2021\/05\/2.png\" class=\"attachment-full size-full wp-image-1591\" alt=\"\" srcset=\"https:\/\/uniformesralebs.com\/uniformes\/wp-content\/uploads\/2021\/05\/2.png 1920w, https:\/\/uniformesralebs.com\/uniformes\/wp-content\/uploads\/2021\/05\/2-600x600.png 600w, https:\/\/uniformesralebs.com\/uniformes\/wp-content\/uploads\/2021\/05\/2-1024x1024.png 1024w, https:\/\/uniformesralebs.com\/uniformes\/wp-content\/uploads\/2021\/05\/2-150x150.png 150w, https:\/\/uniformesralebs.com\/uniformes\/wp-content\/uploads\/2021\/05\/2-768x768.png 768w, https:\/\/uniformesralebs.com\/uniformes\/wp-content\/uploads\/2021\/05\/2-1536x1536.png 1536w, https:\/\/uniformesralebs.com\/uniformes\/wp-content\/uploads\/2021\/05\/2-300x300.png 300w, https:\/\/uniformesralebs.com\/uniformes\/wp-content\/uploads\/2021\/05\/2-100x100.png 100w\" sizes=\"(max-width: 1920px) 100vw, 1920px\" \/><\/div>\n\t\t<\/a>\n\t\t\t\t<div class=\"elementor-post__text\">\n\t\t\t\t<h3 class=\"elementor-post__title\">\n\t\t\t<a href=\"https:\/\/uniformesralebs.com\/uniformes\/lanzamiento-de-barbijos-100-lavables-para-prevenir-la-pandemia-de-covid-19\/\" >\n\t\t\t\tLanzamiento de Barbijos 100% lavables, para prevenir la pandemia de Covid 19\t\t\t<\/a>\n\t\t<\/h3>\n\t\t\t\t<div class=\"elementor-post__meta-data\">\n\t\t\t\t\t<span class=\"elementor-post-date\">\n\t\t\t27\/05\/2021\t\t<\/span>\n\t\t\t\t<\/div>\n\t\t\t\t<div class=\"elementor-post__excerpt\">\n\t\t\t<p>Tenemos barbijos 100% seguros y reutilizables. Con tecnolog\u00eda tricapa de material lavable y personalizados con los colores de tu empresa. Consegu\u00ed el tuyo con la<\/p>\n\t\t<\/div>\n\t\t\n\t\t<a class=\"elementor-post__read-more\" href=\"https:\/\/uniformesralebs.com\/uniformes\/lanzamiento-de-barbijos-100-lavables-para-prevenir-la-pandemia-de-covid-19\/\" aria-label=\"Read more about Lanzamiento de Barbijos 100% lavables, para prevenir la pandemia de Covid 19\" tabindex=\"-1\" >\n\t\t\tVer m\u00e1s \u00bb\t\t<\/a>\n\n\t\t\t\t<\/div>\n\t\t\t\t<\/article>\n\t\t\t\t<article class=\"elementor-post elementor-grid-item post-1593 post type-post status-publish format-standard has-post-thumbnail hentry category-novedades\" role=\"listitem\">\n\t\t\t\t<a class=\"elementor-post__thumbnail__link\" href=\"https:\/\/uniformesralebs.com\/uniformes\/incorporacion-de-colgate-a-nuestra-prestigiosa-cartera-de-clientes\/\" tabindex=\"-1\" >\n\t\t\t<div class=\"elementor-post__thumbnail\"><img loading=\"lazy\" decoding=\"async\" width=\"600\" height=\"602\" src=\"https:\/\/uniformesralebs.com\/uniformes\/wp-content\/uploads\/2021\/05\/3-1.jpg\" class=\"attachment-full size-full wp-image-1594\" alt=\"\" srcset=\"https:\/\/uniformesralebs.com\/uniformes\/wp-content\/uploads\/2021\/05\/3-1.jpg 600w, https:\/\/uniformesralebs.com\/uniformes\/wp-content\/uploads\/2021\/05\/3-1-598x600.jpg 598w, https:\/\/uniformesralebs.com\/uniformes\/wp-content\/uploads\/2021\/05\/3-1-150x150.jpg 150w, https:\/\/uniformesralebs.com\/uniformes\/wp-content\/uploads\/2021\/05\/3-1-300x300.jpg 300w, https:\/\/uniformesralebs.com\/uniformes\/wp-content\/uploads\/2021\/05\/3-1-100x100.jpg 100w\" sizes=\"(max-width: 600px) 100vw, 600px\" \/><\/div>\n\t\t<\/a>\n\t\t\t\t<div class=\"elementor-post__text\">\n\t\t\t\t<h3 class=\"elementor-post__title\">\n\t\t\t<a href=\"https:\/\/uniformesralebs.com\/uniformes\/incorporacion-de-colgate-a-nuestra-prestigiosa-cartera-de-clientes\/\" >\n\t\t\t\tIncorporacion de Colgate a nuestra prestigiosa cartera de clientes\t\t\t<\/a>\n\t\t<\/h3>\n\t\t\t\t<div class=\"elementor-post__meta-data\">\n\t\t\t\t\t<span class=\"elementor-post-date\">\n\t\t\t27\/05\/2021\t\t<\/span>\n\t\t\t\t<\/div>\n\t\t\t\t<div class=\"elementor-post__excerpt\">\n\t\t\t<p>Agradecemos a nuestro nuevo cliente\u00a0@colgate\u00a0con una poderosa sonrisa<\/p>\n\t\t<\/div>\n\t\t\n\t\t<a class=\"elementor-post__read-more\" href=\"https:\/\/uniformesralebs.com\/uniformes\/incorporacion-de-colgate-a-nuestra-prestigiosa-cartera-de-clientes\/\" aria-label=\"Read more about Incorporacion de Colgate a nuestra prestigiosa cartera de clientes\" tabindex=\"-1\" >\n\t\t\tVer m\u00e1s \u00bb\t\t<\/a>\n\n\t\t\t\t<\/div>\n\t\t\t\t<\/article>\n\t\t\t\t<article class=\"elementor-post elementor-grid-item post-1596 post type-post status-publish format-standard has-post-thumbnail hentry category-novedades\" role=\"listitem\">\n\t\t\t\t<a class=\"elementor-post__thumbnail__link\" href=\"https:\/\/uniformesralebs.com\/uniformes\/rivadavia-voley\/\" tabindex=\"-1\" >\n\t\t\t<div class=\"elementor-post__thumbnail\"><img loading=\"lazy\" decoding=\"async\" width=\"1280\" height=\"660\" src=\"https:\/\/uniformesralebs.com\/uniformes\/wp-content\/uploads\/2021\/05\/4.jpeg\" class=\"attachment-full size-full wp-image-1597\" alt=\"\" srcset=\"https:\/\/uniformesralebs.com\/uniformes\/wp-content\/uploads\/2021\/05\/4.jpeg 1280w, https:\/\/uniformesralebs.com\/uniformes\/wp-content\/uploads\/2021\/05\/4-600x309.jpeg 600w, https:\/\/uniformesralebs.com\/uniformes\/wp-content\/uploads\/2021\/05\/4-1024x528.jpeg 1024w, https:\/\/uniformesralebs.com\/uniformes\/wp-content\/uploads\/2021\/05\/4-768x396.jpeg 768w\" sizes=\"(max-width: 1280px) 100vw, 1280px\" \/><\/div>\n\t\t<\/a>\n\t\t\t\t<div class=\"elementor-post__text\">\n\t\t\t\t<h3 class=\"elementor-post__title\">\n\t\t\t<a href=\"https:\/\/uniformesralebs.com\/uniformes\/rivadavia-voley\/\" >\n\t\t\t\tRivadavia Voley\t\t\t<\/a>\n\t\t<\/h3>\n\t\t\t\t<div class=\"elementor-post__meta-data\">\n\t\t\t\t\t<span class=\"elementor-post-date\">\n\t\t\t27\/05\/2021\t\t<\/span>\n\t\t\t\t<\/div>\n\t\t\t\t<div class=\"elementor-post__excerpt\">\n\t\t\t<p>Estamos orgullosos de acompa\u00f1ar a&nbsp;@RivadaviaVoleyVillaMaria&nbsp;que esta semana estrena la indumentaria que confeccionamos juntos en el torneo de la Liga Argentina de Voley Masculino ante rivales<\/p>\n\t\t<\/div>\n\t\t\n\t\t<a class=\"elementor-post__read-more\" href=\"https:\/\/uniformesralebs.com\/uniformes\/rivadavia-voley\/\" aria-label=\"Read more about Rivadavia Voley\" tabindex=\"-1\" >\n\t\t\tVer m\u00e1s \u00bb\t\t<\/a>\n\n\t\t\t\t<\/div>\n\t\t\t\t<\/article>\n\t\t\t\t<article class=\"elementor-post elementor-grid-item post-1599 post type-post status-publish format-standard has-post-thumbnail hentry category-novedades\" role=\"listitem\">\n\t\t\t\t<a class=\"elementor-post__thumbnail__link\" href=\"https:\/\/uniformesralebs.com\/uniformes\/independiente-oliva\/\" tabindex=\"-1\" >\n\t\t\t<div class=\"elementor-post__thumbnail\"><img loading=\"lazy\" decoding=\"async\" width=\"2251\" height=\"2250\" src=\"https:\/\/uniformesralebs.com\/uniformes\/wp-content\/uploads\/2021\/05\/5-1.jpg\" class=\"attachment-full size-full wp-image-1600\" alt=\"\" srcset=\"https:\/\/uniformesralebs.com\/uniformes\/wp-content\/uploads\/2021\/05\/5-1.jpg 2251w, https:\/\/uniformesralebs.com\/uniformes\/wp-content\/uploads\/2021\/05\/5-1-600x600.jpg 600w, https:\/\/uniformesralebs.com\/uniformes\/wp-content\/uploads\/2021\/05\/5-1-1024x1024.jpg 1024w, https:\/\/uniformesralebs.com\/uniformes\/wp-content\/uploads\/2021\/05\/5-1-150x150.jpg 150w, https:\/\/uniformesralebs.com\/uniformes\/wp-content\/uploads\/2021\/05\/5-1-768x768.jpg 768w, https:\/\/uniformesralebs.com\/uniformes\/wp-content\/uploads\/2021\/05\/5-1-1536x1536.jpg 1536w, https:\/\/uniformesralebs.com\/uniformes\/wp-content\/uploads\/2021\/05\/5-1-2048x2048.jpg 2048w, https:\/\/uniformesralebs.com\/uniformes\/wp-content\/uploads\/2021\/05\/5-1-300x300.jpg 300w, https:\/\/uniformesralebs.com\/uniformes\/wp-content\/uploads\/2021\/05\/5-1-100x100.jpg 100w\" sizes=\"(max-width: 2251px) 100vw, 2251px\" \/><\/div>\n\t\t<\/a>\n\t\t\t\t<div class=\"elementor-post__text\">\n\t\t\t\t<h3 class=\"elementor-post__title\">\n\t\t\t<a href=\"https:\/\/uniformesralebs.com\/uniformes\/independiente-oliva\/\" >\n\t\t\t\tIndependiente oliva\t\t\t<\/a>\n\t\t<\/h3>\n\t\t\t\t<div class=\"elementor-post__meta-data\">\n\t\t\t\t\t<span class=\"elementor-post-date\">\n\t\t\t27\/05\/2021\t\t<\/span>\n\t\t\t\t<\/div>\n\t\t\t\t<div class=\"elementor-post__excerpt\">\n\t\t\t<p>En el Torneo Federal de B\u00e1squet que acaba de comenzar, nosotros tenemos nuestro favorito y ellos tienen nueva indumentaria oficial \ud83d\ude4c\u26f9 Vestimos al Club Independiente<\/p>\n\t\t<\/div>\n\t\t\n\t\t<a class=\"elementor-post__read-more\" href=\"https:\/\/uniformesralebs.com\/uniformes\/independiente-oliva\/\" aria-label=\"Read more about Independiente oliva\" tabindex=\"-1\" >\n\t\t\tVer m\u00e1s \u00bb\t\t<\/a>\n\n\t\t\t\t<\/div>\n\t\t\t\t<\/article>\n\t\t\t\t<article class=\"elementor-post elementor-grid-item post-450 post type-post status-publish format-standard has-post-thumbnail hentry category-novedades\" role=\"listitem\">\n\t\t\t\t<a class=\"elementor-post__thumbnail__link\" href=\"https:\/\/uniformesralebs.com\/uniformes\/felicitamos-a-nuestro-cliente-ramonda-motors-sa\/\" tabindex=\"-1\" >\n\t\t\t<div class=\"elementor-post__thumbnail\"><img loading=\"lazy\" decoding=\"async\" width=\"1000\" height=\"700\" src=\"https:\/\/uniformesralebs.com\/uniformes\/wp-content\/uploads\/2021\/04\/chevrolet.jpg\" class=\"attachment-full size-full wp-image-451\" alt=\"\" srcset=\"https:\/\/uniformesralebs.com\/uniformes\/wp-content\/uploads\/2021\/04\/chevrolet.jpg 1000w, https:\/\/uniformesralebs.com\/uniformes\/wp-content\/uploads\/2021\/04\/chevrolet-300x210.jpg 300w, https:\/\/uniformesralebs.com\/uniformes\/wp-content\/uploads\/2021\/04\/chevrolet-768x538.jpg 768w, https:\/\/uniformesralebs.com\/uniformes\/wp-content\/uploads\/2021\/04\/chevrolet-600x420.jpg 600w\" sizes=\"(max-width: 1000px) 100vw, 1000px\" \/><\/div>\n\t\t<\/a>\n\t\t\t\t<div class=\"elementor-post__text\">\n\t\t\t\t<h3 class=\"elementor-post__title\">\n\t\t\t<a href=\"https:\/\/uniformesralebs.com\/uniformes\/felicitamos-a-nuestro-cliente-ramonda-motors-sa\/\" >\n\t\t\t\tFelicitamos a nuestro cliente Ramonda Motors SA\t\t\t<\/a>\n\t\t<\/h3>\n\t\t\t\t<div class=\"elementor-post__meta-data\">\n\t\t\t\t\t<span class=\"elementor-post-date\">\n\t\t\t09\/04\/2021\t\t<\/span>\n\t\t\t\t<\/div>\n\t\t\t\t<div class=\"elementor-post__excerpt\">\n\t\t\t<p>Nuevamente y por 8\u00aa vez fue elegido entre los mejores concesionario de la red Chevrolet en Argentina.<\/p>\n\t\t<\/div>\n\t\t\n\t\t<a class=\"elementor-post__read-more\" href=\"https:\/\/uniformesralebs.com\/uniformes\/felicitamos-a-nuestro-cliente-ramonda-motors-sa\/\" aria-label=\"Read more about Felicitamos a nuestro cliente Ramonda Motors SA\" tabindex=\"-1\" >\n\t\t\tVer m\u00e1s \u00bb\t\t<\/a>\n\n\t\t\t\t<\/div>\n\t\t\t\t<\/article>\n\t\t\t\t<article class=\"elementor-post elementor-grid-item post-443 post type-post status-publish format-standard has-post-thumbnail hentry category-novedades\" role=\"listitem\">\n\t\t\t\t<a class=\"elementor-post__thumbnail__link\" href=\"https:\/\/uniformesralebs.com\/uniformes\/nueva-alianza-con-agrometal\/\" tabindex=\"-1\" >\n\t\t\t<div class=\"elementor-post__thumbnail\"><img loading=\"lazy\" decoding=\"async\" width=\"1000\" height=\"700\" src=\"https:\/\/uniformesralebs.com\/uniformes\/wp-content\/uploads\/2021\/04\/agrometa.jpg\" class=\"attachment-full size-full wp-image-444\" alt=\"\" srcset=\"https:\/\/uniformesralebs.com\/uniformes\/wp-content\/uploads\/2021\/04\/agrometa.jpg 1000w, https:\/\/uniformesralebs.com\/uniformes\/wp-content\/uploads\/2021\/04\/agrometa-300x210.jpg 300w, https:\/\/uniformesralebs.com\/uniformes\/wp-content\/uploads\/2021\/04\/agrometa-768x538.jpg 768w, https:\/\/uniformesralebs.com\/uniformes\/wp-content\/uploads\/2021\/04\/agrometa-600x420.jpg 600w\" sizes=\"(max-width: 1000px) 100vw, 1000px\" \/><\/div>\n\t\t<\/a>\n\t\t\t\t<div class=\"elementor-post__text\">\n\t\t\t\t<h3 class=\"elementor-post__title\">\n\t\t\t<a href=\"https:\/\/uniformesralebs.com\/uniformes\/nueva-alianza-con-agrometal\/\" >\n\t\t\t\tNueva alianza con Agrometal\t\t\t<\/a>\n\t\t<\/h3>\n\t\t\t\t<div class=\"elementor-post__meta-data\">\n\t\t\t\t\t<span class=\"elementor-post-date\">\n\t\t\t09\/04\/2021\t\t<\/span>\n\t\t\t\t<\/div>\n\t\t\t\t<div class=\"elementor-post__excerpt\">\n\t\t\t<p>La marca lider de sembradoras eligio nuestros productos para la nueva temporada<\/p>\n\t\t<\/div>\n\t\t\n\t\t<a class=\"elementor-post__read-more\" href=\"https:\/\/uniformesralebs.com\/uniformes\/nueva-alianza-con-agrometal\/\" aria-label=\"Read more about Nueva alianza con Agrometal\" tabindex=\"-1\" >\n\t\t\tVer m\u00e1s \u00bb\t\t<\/a>\n\n\t\t\t\t<\/div>\n\t\t\t\t<\/article>\n\t\t\t\t<\/div>\n\t\t\n\t\t\t\t\t\t<\/div>\n\t\t\t\t<\/div>\n\t\t\t\t\t<\/div>\n\t\t<\/div>\n\t\t\t\t\t<\/div>\n\t\t<\/section>\n\t\t\t\t<\/div>\n\t\t","protected":false},"excerpt":{"rendered":"<p>Noticias Actualidad, eventos y noticias<\/p>\n","protected":false},"author":5,"featured_media":0,"parent":0,"menu_order":0,"comment_status":"closed","ping_status":"closed","template":"elementor_header_footer","meta":{"footnotes":""},"class_list":["post-418","page","type-page","status-publish","hentry"],"_links":{"self":[{"href":"https:\/\/uniformesralebs.com\/uniformes\/wp-json\/wp\/v2\/pages\/418","targetHints":{"allow":["GET"]}}],"collection":[{"href":"https:\/\/uniformesralebs.com\/uniformes\/wp-json\/wp\/v2\/pages"}],"about":[{"href":"https:\/\/uniformesralebs.com\/uniformes\/wp-json\/wp\/v2\/types\/page"}],"author":[{"embeddable":true,"href":"https:\/\/uniformesralebs.com\/uniformes\/wp-json\/wp\/v2\/users\/5"}],"replies":[{"embeddable":true,"href":"https:\/\/uniformesralebs.com\/uniformes\/wp-json\/wp\/v2\/comments?post=418"}],"version-history":[{"count":35,"href":"https:\/\/uniformesralebs.com\/uniformes\/wp-json\/wp\/v2\/pages\/418\/revisions"}],"predecessor-version":[{"id":1725,"href":"https:\/\/uniformesralebs.com\/uniformes\/wp-json\/wp\/v2\/pages\/418\/revisions\/1725"}],"wp:attachment":[{"href":"https:\/\/uniformesralebs.com\/uniformes\/wp-json\/wp\/v2\/media?parent=418"}],"curies":[{"name":"wp","href":"https:\/\/api.w.org\/{rel}","templated":true}]}}