{"id":1026,"date":"2021-05-07T13:46:01","date_gmt":"2021-05-07T16:46:01","guid":{"rendered":"I03 - Camichomba y pantal\u00f3n n\u00e1utico de graffa 70"},"modified":"2025-02-27T19:56:06","modified_gmt":"2025-02-27T22:56:06","slug":"i3-camichomba-y-pantalon-nautico-de-graffa-70","status":"publish","type":"product","link":"https:\/\/uniformesralebs.com\/uniformes\/producto\/i3-camichomba-y-pantalon-nautico-de-graffa-70\/","title":{"rendered":"I03 &#8211; Camichomba y pantal\u00f3n n\u00e1utico de graffa 70"},"content":{"rendered":"<p>I03 &#8211; Camichomba y pantal\u00f3n n\u00e1utico de graffa 70<\/p>\n","protected":false},"excerpt":{"rendered":"<p>I03 &#8211; Camichomba y pantal\u00f3n n\u00e1utico de graffa 70<\/p>\n","protected":false},"featured_media":1027,"template":"","meta":[],"product_brand":[],"product_cat":[20,19,66],"product_tag":[],"class_list":{"0":"post-1026","1":"product","2":"type-product","3":"status-publish","4":"has-post-thumbnail","6":"product_cat-agroindustrial","7":"product_cat-empresarial","8":"product_cat-pantalon-agroindustrial","10":"first","11":"instock","12":"virtual","13":"purchasable","14":"product-type-simple"},"_links":{"self":[{"href":"https:\/\/uniformesralebs.com\/uniformes\/wp-json\/wp\/v2\/product\/1026","targetHints":{"allow":["GET"]}}],"collection":[{"href":"https:\/\/uniformesralebs.com\/uniformes\/wp-json\/wp\/v2\/product"}],"about":[{"href":"https:\/\/uniformesralebs.com\/uniformes\/wp-json\/wp\/v2\/types\/product"}],"wp:featuredmedia":[{"embeddable":true,"href":"https:\/\/uniformesralebs.com\/uniformes\/wp-json\/wp\/v2\/media\/1027"}],"wp:attachment":[{"href":"https:\/\/uniformesralebs.com\/uniformes\/wp-json\/wp\/v2\/media?parent=1026"}],"wp:term":[{"taxonomy":"product_brand","embeddable":true,"href":"https:\/\/uniformesralebs.com\/uniformes\/wp-json\/wp\/v2\/product_brand?post=1026"},{"taxonomy":"product_cat","embeddable":true,"href":"https:\/\/uniformesralebs.com\/uniformes\/wp-json\/wp\/v2\/product_cat?post=1026"},{"taxonomy":"product_tag","embeddable":true,"href":"https:\/\/uniformesralebs.com\/uniformes\/wp-json\/wp\/v2\/product_tag?post=1026"}],"curies":[{"name":"wp","href":"https:\/\/api.w.org\/{rel}","templated":true}]}}