{"id":1036,"date":"2021-05-07T13:53:26","date_gmt":"2021-05-07T16:53:26","guid":{"rendered":"http:\/\/I08%20-%20Remera%20de%20algod\u00f3n%20blanca%20con%20pantal\u00f3n%20n\u00e1utico%20de%20gabardina%20blanco"},"modified":"2025-02-27T19:56:08","modified_gmt":"2025-02-27T22:56:08","slug":"i8-remera-de-algodon-blanca-con-pantalon-nautico-de-gabardina-blanco","status":"publish","type":"product","link":"https:\/\/uniformesralebs.com\/uniformes\/producto\/i8-remera-de-algodon-blanca-con-pantalon-nautico-de-gabardina-blanco\/","title":{"rendered":"I08 &#8211; Remera de algod\u00f3n blanca con pantal\u00f3n n\u00e1utico de gabardina blanco"},"content":{"rendered":"<p>I08 &#8211; Remera de algod\u00f3n blanca con pantal\u00f3n n\u00e1utico de gabardina blanco<\/p>\n","protected":false},"excerpt":{"rendered":"<p>I08 &#8211; Remera de algod\u00f3n blanca con pantal\u00f3n n\u00e1utico de gabardina blanco<\/p>\n","protected":false},"featured_media":2296,"template":"","meta":[],"product_brand":[],"product_cat":[20,19,66],"product_tag":[],"class_list":{"0":"post-1036","1":"product","2":"type-product","3":"status-publish","4":"has-post-thumbnail","6":"product_cat-agroindustrial","7":"product_cat-empresarial","8":"product_cat-pantalon-agroindustrial","10":"first","11":"instock","12":"virtual","13":"purchasable","14":"product-type-simple"},"_links":{"self":[{"href":"https:\/\/uniformesralebs.com\/uniformes\/wp-json\/wp\/v2\/product\/1036","targetHints":{"allow":["GET"]}}],"collection":[{"href":"https:\/\/uniformesralebs.com\/uniformes\/wp-json\/wp\/v2\/product"}],"about":[{"href":"https:\/\/uniformesralebs.com\/uniformes\/wp-json\/wp\/v2\/types\/product"}],"wp:featuredmedia":[{"embeddable":true,"href":"https:\/\/uniformesralebs.com\/uniformes\/wp-json\/wp\/v2\/media\/2296"}],"wp:attachment":[{"href":"https:\/\/uniformesralebs.com\/uniformes\/wp-json\/wp\/v2\/media?parent=1036"}],"wp:term":[{"taxonomy":"product_brand","embeddable":true,"href":"https:\/\/uniformesralebs.com\/uniformes\/wp-json\/wp\/v2\/product_brand?post=1036"},{"taxonomy":"product_cat","embeddable":true,"href":"https:\/\/uniformesralebs.com\/uniformes\/wp-json\/wp\/v2\/product_cat?post=1036"},{"taxonomy":"product_tag","embeddable":true,"href":"https:\/\/uniformesralebs.com\/uniformes\/wp-json\/wp\/v2\/product_tag?post=1036"}],"curies":[{"name":"wp","href":"https:\/\/api.w.org\/{rel}","templated":true}]}}