{"id":1079,"date":"2021-05-10T14:24:24","date_gmt":"2021-05-10T17:24:24","guid":{"rendered":"M03 - Chomba de algod\u00f3n peinado mangas cortas con cuello y pu\u00f1os"},"modified":"2025-02-27T19:56:19","modified_gmt":"2025-02-27T22:56:19","slug":"m3-chomba-de-algodon-peinado-mangas-cortas-con-cuello-y-punos","status":"publish","type":"product","link":"https:\/\/uniformesralebs.com\/uniformes\/producto\/m3-chomba-de-algodon-peinado-mangas-cortas-con-cuello-y-punos\/","title":{"rendered":"M03 &#8211; Chomba de algod\u00f3n peinado mangas cortas con cuello y pu\u00f1os"},"content":{"rendered":"<p>M03 &#8211; Chomba de algod\u00f3n peinado mangas cortas con cuello y pu\u00f1os<\/p>\n","protected":false},"excerpt":{"rendered":"<p>M03 &#8211; Chomba de algod\u00f3n peinado mangas cortas con cuello y pu\u00f1os<\/p>\n","protected":false},"featured_media":1080,"template":"","meta":[],"product_brand":[],"product_cat":[27,64],"product_tag":[],"class_list":{"0":"post-1079","1":"product","2":"type-product","3":"status-publish","4":"has-post-thumbnail","6":"product_cat-chombas","7":"product_cat-corporativo","9":"first","10":"instock","11":"shipping-taxable","12":"purchasable","13":"product-type-simple"},"_links":{"self":[{"href":"https:\/\/uniformesralebs.com\/uniformes\/wp-json\/wp\/v2\/product\/1079","targetHints":{"allow":["GET"]}}],"collection":[{"href":"https:\/\/uniformesralebs.com\/uniformes\/wp-json\/wp\/v2\/product"}],"about":[{"href":"https:\/\/uniformesralebs.com\/uniformes\/wp-json\/wp\/v2\/types\/product"}],"wp:featuredmedia":[{"embeddable":true,"href":"https:\/\/uniformesralebs.com\/uniformes\/wp-json\/wp\/v2\/media\/1080"}],"wp:attachment":[{"href":"https:\/\/uniformesralebs.com\/uniformes\/wp-json\/wp\/v2\/media?parent=1079"}],"wp:term":[{"taxonomy":"product_brand","embeddable":true,"href":"https:\/\/uniformesralebs.com\/uniformes\/wp-json\/wp\/v2\/product_brand?post=1079"},{"taxonomy":"product_cat","embeddable":true,"href":"https:\/\/uniformesralebs.com\/uniformes\/wp-json\/wp\/v2\/product_cat?post=1079"},{"taxonomy":"product_tag","embeddable":true,"href":"https:\/\/uniformesralebs.com\/uniformes\/wp-json\/wp\/v2\/product_tag?post=1079"}],"curies":[{"name":"wp","href":"https:\/\/api.w.org\/{rel}","templated":true}]}}