{"id":1232,"date":"2021-05-11T14:44:31","date_gmt":"2021-05-11T17:44:31","guid":{"rendered":"http:\/\/I09%20-%20Buzzo%20de%20frizza%20con%20cuello%20y%20pantal\u00f3n%20n\u00e1utico%20blanco"},"modified":"2025-02-27T19:57:07","modified_gmt":"2025-02-27T22:57:07","slug":"i9-buzzo-de-frisa-con-cuello-y-pantalon-nautico-blanco","status":"publish","type":"product","link":"https:\/\/uniformesralebs.com\/uniformes\/producto\/i9-buzzo-de-frisa-con-cuello-y-pantalon-nautico-blanco\/","title":{"rendered":"I09 &#8211; Buzzo de frisa con cuello y pantal\u00f3n n\u00e1utico blanco"},"content":{"rendered":"<p>I09 &#8211; Buzzo de frisa con cuello y pantal\u00f3n n\u00e1utico blanco<\/p>\n","protected":false},"excerpt":{"rendered":"<p>I09 &#8211; Buzzo de frisa con cuello y pantal\u00f3n n\u00e1utico blanco<\/p>\n","protected":false},"featured_media":1233,"template":"","meta":[],"product_brand":[],"product_cat":[20],"product_tag":[],"class_list":{"0":"post-1232","1":"product","2":"type-product","3":"status-publish","4":"has-post-thumbnail","6":"product_cat-agroindustrial","8":"first","9":"instock","10":"shipping-taxable","11":"purchasable","12":"product-type-simple"},"_links":{"self":[{"href":"https:\/\/uniformesralebs.com\/uniformes\/wp-json\/wp\/v2\/product\/1232","targetHints":{"allow":["GET"]}}],"collection":[{"href":"https:\/\/uniformesralebs.com\/uniformes\/wp-json\/wp\/v2\/product"}],"about":[{"href":"https:\/\/uniformesralebs.com\/uniformes\/wp-json\/wp\/v2\/types\/product"}],"wp:featuredmedia":[{"embeddable":true,"href":"https:\/\/uniformesralebs.com\/uniformes\/wp-json\/wp\/v2\/media\/1233"}],"wp:attachment":[{"href":"https:\/\/uniformesralebs.com\/uniformes\/wp-json\/wp\/v2\/media?parent=1232"}],"wp:term":[{"taxonomy":"product_brand","embeddable":true,"href":"https:\/\/uniformesralebs.com\/uniformes\/wp-json\/wp\/v2\/product_brand?post=1232"},{"taxonomy":"product_cat","embeddable":true,"href":"https:\/\/uniformesralebs.com\/uniformes\/wp-json\/wp\/v2\/product_cat?post=1232"},{"taxonomy":"product_tag","embeddable":true,"href":"https:\/\/uniformesralebs.com\/uniformes\/wp-json\/wp\/v2\/product_tag?post=1232"}],"curies":[{"name":"wp","href":"https:\/\/api.w.org\/{rel}","templated":true}]}}