{"id":669,"date":"2021-05-06T11:05:54","date_gmt":"2021-05-06T14:05:54","guid":{"rendered":"M02 - Chomba de algod\u00f3n mangas cortas con cuello y pu\u00f1os"},"modified":"2025-02-27T19:55:49","modified_gmt":"2025-02-27T22:55:49","slug":"chomba-de-algodon-mangas-cortas-con-cuello-y-punos","status":"publish","type":"product","link":"https:\/\/uniformesralebs.com\/uniformes\/producto\/chomba-de-algodon-mangas-cortas-con-cuello-y-punos\/","title":{"rendered":"M02 &#8211; Chomba de algod\u00f3n mangas cortas con cuello y pu\u00f1os"},"content":{"rendered":"<p>M02 &#8211; Chomba de algod\u00f3n mangas cortas con cuello y pu\u00f1os<\/p>\n","protected":false},"excerpt":{"rendered":"<p>M02 &#8211; Chomba de algod\u00f3n mangas cortas con cuello y pu\u00f1os<\/p>\n","protected":false},"featured_media":670,"template":"","meta":[],"product_brand":[],"product_cat":[27,19],"product_tag":[],"class_list":{"0":"post-669","1":"product","2":"type-product","3":"status-publish","4":"has-post-thumbnail","6":"product_cat-chombas","7":"product_cat-empresarial","9":"first","10":"instock","11":"virtual","12":"purchasable","13":"product-type-simple"},"_links":{"self":[{"href":"https:\/\/uniformesralebs.com\/uniformes\/wp-json\/wp\/v2\/product\/669","targetHints":{"allow":["GET"]}}],"collection":[{"href":"https:\/\/uniformesralebs.com\/uniformes\/wp-json\/wp\/v2\/product"}],"about":[{"href":"https:\/\/uniformesralebs.com\/uniformes\/wp-json\/wp\/v2\/types\/product"}],"wp:featuredmedia":[{"embeddable":true,"href":"https:\/\/uniformesralebs.com\/uniformes\/wp-json\/wp\/v2\/media\/670"}],"wp:attachment":[{"href":"https:\/\/uniformesralebs.com\/uniformes\/wp-json\/wp\/v2\/media?parent=669"}],"wp:term":[{"taxonomy":"product_brand","embeddable":true,"href":"https:\/\/uniformesralebs.com\/uniformes\/wp-json\/wp\/v2\/product_brand?post=669"},{"taxonomy":"product_cat","embeddable":true,"href":"https:\/\/uniformesralebs.com\/uniformes\/wp-json\/wp\/v2\/product_cat?post=669"},{"taxonomy":"product_tag","embeddable":true,"href":"https:\/\/uniformesralebs.com\/uniformes\/wp-json\/wp\/v2\/product_tag?post=669"}],"curies":[{"name":"wp","href":"https:\/\/api.w.org\/{rel}","templated":true}]}}